{"id":1922,"date":"2022-09-16T09:41:59","date_gmt":"2022-09-16T09:41:59","guid":{"rendered":"https:\/\/www.youngreenhub.eu\/?page_id=1922"},"modified":"2022-09-19T07:15:10","modified_gmt":"2022-09-19T07:15:10","slug":"how-to-use-this-site","status":"publish","type":"page","link":"https:\/\/www.youngreenhub.eu\/sl\/how-to-use-this-site\/","title":{"rendered":"Kako uporabljati spletno stran"},"content":{"rendered":"<div data-elementor-type=\"wp-page\" data-elementor-id=\"1922\" class=\"elementor elementor-1922\" data-elementor-post-type=\"page\">\n\t\t\t\t\t\t<section class=\"elementor-section elementor-top-section elementor-element elementor-element-7f7cc8c elementor-section-boxed elementor-section-height-default elementor-section-height-default\" data-id=\"7f7cc8c\" data-element_type=\"section\" data-e-type=\"section\">\n\t\t\t\t\t\t<div class=\"elementor-container elementor-column-gap-default\">\n\t\t\t\t\t<div class=\"elementor-column elementor-col-100 elementor-top-column elementor-element elementor-element-800f292\" data-id=\"800f292\" data-element_type=\"column\" data-e-type=\"column\">\n\t\t\t<div class=\"elementor-widget-wrap elementor-element-populated\">\n\t\t\t\t\t\t<div class=\"elementor-element elementor-element-323a6e0 elementor-widget elementor-widget-heading\" data-id=\"323a6e0\" data-element_type=\"widget\" data-e-type=\"widget\" data-widget_type=\"heading.default\">\n\t\t\t\t<div class=\"elementor-widget-container\">\n\t\t\t\t\t<h1 class=\"elementor-heading-title elementor-size-default\">Kako uporabljati spletno stran<\/h1>\t\t\t\t<\/div>\n\t\t\t\t<\/div>\n\t\t\t\t\t<\/div>\n\t\t<\/div>\n\t\t\t\t\t<\/div>\n\t\t<\/section>\n\t\t\t\t<section class=\"elementor-section elementor-top-section elementor-element elementor-element-39366c8 elementor-section-boxed elementor-section-height-default elementor-section-height-default\" data-id=\"39366c8\" data-element_type=\"section\" data-e-type=\"section\">\n\t\t\t\t\t\t<div class=\"elementor-container elementor-column-gap-default\">\n\t\t\t\t\t<div class=\"elementor-column elementor-col-50 elementor-top-column elementor-element elementor-element-cecb225\" data-id=\"cecb225\" data-element_type=\"column\" data-e-type=\"column\">\n\t\t\t<div class=\"elementor-widget-wrap elementor-element-populated\">\n\t\t\t\t\t\t<div class=\"elementor-element elementor-element-4a32574 elementor-widget elementor-widget-text-editor\" data-id=\"4a32574\" data-element_type=\"widget\" data-e-type=\"widget\" data-widget_type=\"text-editor.default\">\n\t\t\t\t<div class=\"elementor-widget-container\">\n\t\t\t\t\t<div class=\"bb-theme-elementor-wrap bb-elementor-custom-family\">\t\t\t\t<p class=\"translation-block\">Nahajate se na <em><strong>javni delu<\/strong><\/em> na\u0161ega mednarodnega spletnega sredi\u0161\u010da. V tej delu lahko najdete informacije o projektu, partnerstvu, spletni dru\u017ebeni platformi in novice. Stran je na voljo v \u0161estih jezikih, in sicer <em><strong>slovenskem, angle\u0161kem, bolgarskem, makedonskem, \u0161panskem in mad\u017earskem.<\/strong><\/em><\/p>\t\t\t\t<\/div>\t\t\t\t<\/div>\n\t\t\t\t<\/div>\n\t\t\t\t<div class=\"elementor-element elementor-element-68ef15e elementor-widget elementor-widget-text-editor\" data-id=\"68ef15e\" data-element_type=\"widget\" data-e-type=\"widget\" data-widget_type=\"text-editor.default\">\n\t\t\t\t<div class=\"elementor-widget-container\">\n\t\t\t\t\t<div class=\"bb-theme-elementor-wrap bb-elementor-custom-family\">\t\t\t\t<p class=\"translation-block\">V <em><strong>glavi<\/strong><\/em> vstopne strani je v meniju na izbiro 5 elementov: novice, funkcije in vsebina, partnerji, kontakt, kako uporabljati stran.<\/p>\t\t\t\t<\/div>\t\t\t\t<\/div>\n\t\t\t\t<\/div>\n\t\t\t\t<div class=\"elementor-element elementor-element-3bbc9ea elementor-widget elementor-widget-text-editor\" data-id=\"3bbc9ea\" data-element_type=\"widget\" data-e-type=\"widget\" data-widget_type=\"text-editor.default\">\n\t\t\t\t<div class=\"elementor-widget-container\">\n\t\t\t\t\t<div class=\"bb-theme-elementor-wrap bb-elementor-custom-family\">\t\t\t\t<p class=\"translation-block\">Za dostop do vseh funkcij, ki jih HUB ponuja se je potrebno <em><strong>registrirati<\/strong><\/em>. Za registracijo, kliknite na gumb Registracija v zgornjem desnem kotu naslovne strani. Ve\u010d o pogojih uporabe spletne strani si lahko preberete v Splo\u0161nih pogojih.<\/p>\t\t\t\t<\/div>\t\t\t\t<\/div>\n\t\t\t\t<\/div>\n\t\t\t\t<div class=\"elementor-element elementor-element-936c06a elementor-widget elementor-widget-text-editor\" data-id=\"936c06a\" data-element_type=\"widget\" data-e-type=\"widget\" data-widget_type=\"text-editor.default\">\n\t\t\t\t<div class=\"elementor-widget-container\">\n\t\t\t\t\t<div class=\"bb-theme-elementor-wrap bb-elementor-custom-family\">\t\t\t\t<p class=\"translation-block\">\u010ce nas \u017eelite kontaktirati to lahko storite preko kontaktnega obrazca, do katerega lahko dostopate s pritiskom na <em><strong>Kontakt<\/strong><\/em> v glavnem meniju. Lahko pa se obrnete tudi neposredno na projektne partnerje, katerih podatke najdete na podstrani Projektni parnterji.<\/p>\t\t\t\t<\/div>\t\t\t\t<\/div>\n\t\t\t\t<\/div>\n\t\t\t\t<div class=\"elementor-element elementor-element-f22e9b3 elementor-widget elementor-widget-text-editor\" data-id=\"f22e9b3\" data-element_type=\"widget\" data-e-type=\"widget\" data-widget_type=\"text-editor.default\">\n\t\t\t\t<div class=\"elementor-widget-container\">\n\t\t\t\t\t<div class=\"bb-theme-elementor-wrap bb-elementor-custom-family\">\t\t\t\t<p class=\"translation-block\">Na dnu osrednje strani se lahko naro\u010dite na na\u0161 <em><strong>novi\u010dnik<\/strong><\/em> in nam sledite na <em><strong>socialnih omre\u017ejih.<\/strong><\/em><\/p>\t\t\t\t<\/div>\t\t\t\t<\/div>\n\t\t\t\t<\/div>\n\t\t\t\t\t<\/div>\n\t\t<\/div>\n\t\t\t\t<div class=\"elementor-column elementor-col-50 elementor-top-column elementor-element elementor-element-2db0483\" data-id=\"2db0483\" data-element_type=\"column\" data-e-type=\"column\">\n\t\t\t<div class=\"elementor-widget-wrap elementor-element-populated\">\n\t\t\t\t\t\t<div class=\"elementor-element elementor-element-e6daf1d elementor-widget elementor-widget-image\" data-id=\"e6daf1d\" data-element_type=\"widget\" data-e-type=\"widget\" data-widget_type=\"image.default\">\n\t\t\t\t<div class=\"elementor-widget-container\">\n\t\t\t\t\t\t\t\t\t\t\t\t\t\t\t<img fetchpriority=\"high\" decoding=\"async\" width=\"640\" height=\"640\" src=\"https:\/\/www.youngreenhub.eu\/wp-content\/uploads\/2022\/09\/YG_mockup_1-1024x1024.png\" class=\"attachment-large size-large wp-image-1935\" alt=\"\" srcset=\"https:\/\/www.youngreenhub.eu\/wp-content\/uploads\/2022\/09\/YG_mockup_1-1024x1024.png 1024w, https:\/\/www.youngreenhub.eu\/wp-content\/uploads\/2022\/09\/YG_mockup_1-300x300.png 300w, https:\/\/www.youngreenhub.eu\/wp-content\/uploads\/2022\/09\/YG_mockup_1-150x150.png 150w, https:\/\/www.youngreenhub.eu\/wp-content\/uploads\/2022\/09\/YG_mockup_1-768x768.png 768w, https:\/\/www.youngreenhub.eu\/wp-content\/uploads\/2022\/09\/YG_mockup_1-624x624.png 624w, https:\/\/www.youngreenhub.eu\/wp-content\/uploads\/2022\/09\/YG_mockup_1.png 1080w\" sizes=\"(max-width: 640px) 100vw, 640px\" \/>\t\t\t\t\t\t\t\t\t\t\t\t\t\t\t<\/div>\n\t\t\t\t<\/div>\n\t\t\t\t\t<\/div>\n\t\t<\/div>\n\t\t\t\t\t<\/div>\n\t\t<\/section>\n\t\t\t\t<section class=\"elementor-section elementor-top-section elementor-element elementor-element-fab4aa5 elementor-section-boxed elementor-section-height-default elementor-section-height-default\" data-id=\"fab4aa5\" data-element_type=\"section\" data-e-type=\"section\">\n\t\t\t\t\t\t<div class=\"elementor-container elementor-column-gap-default\">\n\t\t\t\t\t<div class=\"elementor-column elementor-col-33 elementor-top-column elementor-element elementor-element-2a54e28\" data-id=\"2a54e28\" data-element_type=\"column\" data-e-type=\"column\">\n\t\t\t<div class=\"elementor-widget-wrap elementor-element-populated\">\n\t\t\t\t\t\t<div class=\"elementor-element elementor-element-2df3368 elementor-widget elementor-widget-image\" data-id=\"2df3368\" data-element_type=\"widget\" data-e-type=\"widget\" data-widget_type=\"image.default\">\n\t\t\t\t<div class=\"elementor-widget-container\">\n\t\t\t\t\t\t\t\t\t\t\t\t\t\t\t<img decoding=\"async\" width=\"640\" height=\"640\" src=\"https:\/\/www.youngreenhub.eu\/wp-content\/uploads\/2022\/09\/YG_mockup_2-1024x1024.png\" class=\"attachment-large size-large wp-image-2000\" alt=\"\" srcset=\"https:\/\/www.youngreenhub.eu\/wp-content\/uploads\/2022\/09\/YG_mockup_2-1024x1024.png 1024w, https:\/\/www.youngreenhub.eu\/wp-content\/uploads\/2022\/09\/YG_mockup_2-300x300.png 300w, https:\/\/www.youngreenhub.eu\/wp-content\/uploads\/2022\/09\/YG_mockup_2-150x150.png 150w, https:\/\/www.youngreenhub.eu\/wp-content\/uploads\/2022\/09\/YG_mockup_2-768x768.png 768w, https:\/\/www.youngreenhub.eu\/wp-content\/uploads\/2022\/09\/YG_mockup_2-624x624.png 624w, https:\/\/www.youngreenhub.eu\/wp-content\/uploads\/2022\/09\/YG_mockup_2.png 1080w\" sizes=\"(max-width: 640px) 100vw, 640px\" \/>\t\t\t\t\t\t\t\t\t\t\t\t\t\t\t<\/div>\n\t\t\t\t<\/div>\n\t\t\t\t\t<\/div>\n\t\t<\/div>\n\t\t\t\t<div class=\"elementor-column elementor-col-66 elementor-top-column elementor-element elementor-element-b4fb492\" data-id=\"b4fb492\" data-element_type=\"column\" data-e-type=\"column\">\n\t\t\t<div class=\"elementor-widget-wrap elementor-element-populated\">\n\t\t\t\t\t\t<div class=\"elementor-element elementor-element-ad7a168 elementor-widget elementor-widget-text-editor\" data-id=\"ad7a168\" data-element_type=\"widget\" data-e-type=\"widget\" data-widget_type=\"text-editor.default\">\n\t\t\t\t<div class=\"elementor-widget-container\">\n\t\t\t\t\t\t\t\t\t<p class=\"translation-block\">Na <em><strong>registracijski strani<\/strong><\/em> boste vnesli svoje podatke: ime in priimek, e-po\u0161tni naslov, dr\u017eavo kjer \u017eivite, delate ali \u0161tudirate.<\/p>\t\t\t\t\t\t\t\t<\/div>\n\t\t\t\t<\/div>\n\t\t\t\t<div class=\"elementor-element elementor-element-fc1cf0f elementor-widget elementor-widget-text-editor\" data-id=\"fc1cf0f\" data-element_type=\"widget\" data-e-type=\"widget\" data-widget_type=\"text-editor.default\">\n\t\t\t\t<div class=\"elementor-widget-container\">\n\t\t\t\t\t\t\t\t\t<p class=\"translation-block\">Ko bo vloga pravilno izpolnjena in oddana boste prejeli povratno elektronsko po\u0161to s <em><strong>povezavo za aktivacijo ra\u010duna.<\/strong><\/em><\/p>\t\t\t\t\t\t\t\t<\/div>\n\t\t\t\t<\/div>\n\t\t\t\t<div class=\"elementor-element elementor-element-f2c1a1f elementor-widget elementor-widget-text-editor\" data-id=\"f2c1a1f\" data-element_type=\"widget\" data-e-type=\"widget\" data-widget_type=\"text-editor.default\">\n\t\t\t\t<div class=\"elementor-widget-container\">\n\t\t\t\t\t\t\t\t\t<p class=\"translation-block\">Ko bo ra\u010dun uspe\u0161no aktiviran se lahko vpi\u0161ete v spletno sredi\u0161\u010de s klikom na gumb <em><strong>\"Vpis\"<\/strong><\/em>, ki se nahaja v glavi strani na desni.<\/p>\t\t\t\t\t\t\t\t<\/div>\n\t\t\t\t<\/div>\n\t\t\t\t\t<\/div>\n\t\t<\/div>\n\t\t\t\t\t<\/div>\n\t\t<\/section>\n\t\t\t\t<section class=\"elementor-section elementor-top-section elementor-element elementor-element-965fa7a elementor-section-boxed elementor-section-height-default elementor-section-height-default\" data-id=\"965fa7a\" data-element_type=\"section\" data-e-type=\"section\">\n\t\t\t\t\t\t<div class=\"elementor-container elementor-column-gap-default\">\n\t\t\t\t\t<div class=\"elementor-column elementor-col-50 elementor-top-column elementor-element elementor-element-303f075\" data-id=\"303f075\" data-element_type=\"column\" data-e-type=\"column\">\n\t\t\t<div class=\"elementor-widget-wrap elementor-element-populated\">\n\t\t\t\t\t\t<div class=\"elementor-element elementor-element-a1e5060 elementor-widget elementor-widget-text-editor\" data-id=\"a1e5060\" data-element_type=\"widget\" data-e-type=\"widget\" data-widget_type=\"text-editor.default\">\n\t\t\t\t<div class=\"elementor-widget-container\">\n\t\t\t\t\t<div class=\"bb-theme-elementor-wrap bb-elementor-custom-family\">\t\t\t\t<p class=\"translation-block\">Po vpisu boste vstopili na HUB, kjer se vam bo prikazala <em><strong>osrednja delovna plo\u0161\u010da<\/strong><\/em>. To je centralni del HUB-a s katerega so vse funkcije lahko dostopne.<\/p>\t\t\t\t<\/div>\t\t\t\t<\/div>\n\t\t\t\t<\/div>\n\t\t\t\t<div class=\"elementor-element elementor-element-37b0bae elementor-widget elementor-widget-text-editor\" data-id=\"37b0bae\" data-element_type=\"widget\" data-e-type=\"widget\" data-widget_type=\"text-editor.default\">\n\t\t\t\t<div class=\"elementor-widget-container\">\n\t\t\t\t\t<div class=\"bb-theme-elementor-wrap bb-elementor-custom-family bb-elementor-custom-size\">\t\t\t\t<p class=\"translation-block\">Ker je osrednji cilj na\u0161e platforme <em><strong>spodbujanje mednarodnega sodelovanja med mladimi zelenimi podjetniki v Evropi, prosimo da na HUB-u komunicirate v angle\u0161kem jeziku!<\/strong><\/em><\/p>\t\t\t\t<\/div>\t\t\t\t<\/div>\n\t\t\t\t<\/div>\n\t\t\t\t<div class=\"elementor-element elementor-element-9b12ec1 elementor-widget elementor-widget-text-editor\" data-id=\"9b12ec1\" data-element_type=\"widget\" data-e-type=\"widget\" data-widget_type=\"text-editor.default\">\n\t\t\t\t<div class=\"elementor-widget-container\">\n\t\t\t\t\t<div class=\"bb-theme-elementor-wrap bb-elementor-custom-family\">\t\t\t\t<p class=\"translation-block\">Na HUB-u se nahaja tudi razdelek <em><strong>zadnje novice<\/strong><\/em>, kjer so na voljo zadnje novice, aktivnosti, informacije in podobne medijske vsebine. Tako kot na socialnih omre\u017ejih uporabniki lahko prispevajo k vsebini in jo delijo.<\/p>\t\t\t\t<\/div>\t\t\t\t<\/div>\n\t\t\t\t<\/div>\n\t\t\t\t<div class=\"elementor-element elementor-element-886a2b6 elementor-widget elementor-widget-text-editor\" data-id=\"886a2b6\" data-element_type=\"widget\" data-e-type=\"widget\" data-widget_type=\"text-editor.default\">\n\t\t\t\t<div class=\"elementor-widget-container\">\n\t\t\t\t\t<div class=\"bb-theme-elementor-wrap bb-elementor-custom-family\">\t\t\t\t<p class=\"translation-block\">Svoj <strong>profil<\/strong> lahko urejate po lastnih \u017eeljah. Lahko nalo\u017eite fotografije in urejate na kak\u0161en na\u010din ste vidni ostalim \u010dlanom. Lahko <em><strong>pregledujete profile in objave<\/strong><\/em> drugih \u010dlanov ter jim <em><strong>sledite oziroma postanete prijatelji<\/strong><\/em>. \u010clani se med sabo lahko <em><strong>sporazumevajo, diskutirajo, se ozna\u010dujejo<\/strong><\/em> itd. preko funkcij kot so @ozna\u010di, slikami, GIF-i itd. Sporazumevajo se lahko preko <em><strong>osebnih sporo\u010dil<\/strong><\/em> ena na ena ali v skupinskih pogovorih.<\/p>\t\t\t\t<\/div>\t\t\t\t<\/div>\n\t\t\t\t<\/div>\n\t\t\t\t<div class=\"elementor-element elementor-element-ddafc99 elementor-widget elementor-widget-text-editor\" data-id=\"ddafc99\" data-element_type=\"widget\" data-e-type=\"widget\" data-widget_type=\"text-editor.default\">\n\t\t\t\t<div class=\"elementor-widget-container\">\n\t\t\t\t\t<div class=\"bb-theme-elementor-wrap bb-elementor-custom-family\">\t\t\t\t<p class=\"translation-block\">Do <em><strong>tematskih gradiv<\/strong><\/em> in <em><strong>interaktivnih funkcij<\/strong><\/em> o zelenem podjetni\u0161tvu lahko dostopate preku menija v glavni vrstici.<\/p>\t\t\t\t<\/div>\t\t\t\t<\/div>\n\t\t\t\t<\/div>\n\t\t\t\t<div class=\"elementor-element elementor-element-d12be10 elementor-widget elementor-widget-text-editor\" data-id=\"d12be10\" data-element_type=\"widget\" data-e-type=\"widget\" data-widget_type=\"text-editor.default\">\n\t\t\t\t<div class=\"elementor-widget-container\">\n\t\t\t\t\t<div class=\"bb-theme-elementor-wrap bb-elementor-custom-family\">\t\t\t\t<p><em>HUB je zasnovano tako, da izpolnjuje ustrezne zahteve glede varstva podatkov, o \u010demer lahko preberete ve\u010d v na\u0161i politiki zasebnosti.<\/em><\/p>\t\t\t\t<\/div>\t\t\t\t<\/div>\n\t\t\t\t<\/div>\n\t\t\t\t\t<\/div>\n\t\t<\/div>\n\t\t\t\t<div class=\"elementor-column elementor-col-50 elementor-top-column elementor-element elementor-element-676d47e\" data-id=\"676d47e\" data-element_type=\"column\" data-e-type=\"column\">\n\t\t\t<div class=\"elementor-widget-wrap elementor-element-populated\">\n\t\t\t\t\t\t<div class=\"elementor-element elementor-element-0ce0852 elementor-widget elementor-widget-image\" data-id=\"0ce0852\" data-element_type=\"widget\" data-e-type=\"widget\" data-widget_type=\"image.default\">\n\t\t\t\t<div class=\"elementor-widget-container\">\n\t\t\t\t\t\t\t\t\t\t\t\t\t\t\t<img decoding=\"async\" width=\"640\" height=\"640\" src=\"https:\/\/www.youngreenhub.eu\/wp-content\/uploads\/2022\/09\/YG_mockup_3-1024x1024.png\" class=\"attachment-large size-large wp-image-2039\" alt=\"\" srcset=\"https:\/\/www.youngreenhub.eu\/wp-content\/uploads\/2022\/09\/YG_mockup_3-1024x1024.png 1024w, https:\/\/www.youngreenhub.eu\/wp-content\/uploads\/2022\/09\/YG_mockup_3-300x300.png 300w, https:\/\/www.youngreenhub.eu\/wp-content\/uploads\/2022\/09\/YG_mockup_3-150x150.png 150w, https:\/\/www.youngreenhub.eu\/wp-content\/uploads\/2022\/09\/YG_mockup_3-768x768.png 768w, https:\/\/www.youngreenhub.eu\/wp-content\/uploads\/2022\/09\/YG_mockup_3-624x624.png 624w, https:\/\/www.youngreenhub.eu\/wp-content\/uploads\/2022\/09\/YG_mockup_3.png 1080w\" sizes=\"(max-width: 640px) 100vw, 640px\" \/>\t\t\t\t\t\t\t\t\t\t\t\t\t\t\t<\/div>\n\t\t\t\t<\/div>\n\t\t\t\t<div class=\"elementor-element elementor-element-b22ff7c elementor-align-center elementor-invisible elementor-widget elementor-widget-button\" data-id=\"b22ff7c\" data-element_type=\"widget\" data-e-type=\"widget\" data-settings=\"{&quot;_animation&quot;:&quot;tada&quot;}\" data-widget_type=\"button.default\">\n\t\t\t\t<div class=\"elementor-widget-container\">\n\t\t\t\t\t\t\t\t\t<div class=\"elementor-button-wrapper\">\n\t\t\t\t\t<a class=\"elementor-button elementor-button-link elementor-size-xl\" href=\"http:\/\/www.youngreenhub.eu\/register\/\">\n\t\t\t\t\t\t<span class=\"elementor-button-content-wrapper\">\n\t\t\t\t\t\t\t\t\t<span class=\"elementor-button-text\">Registriraj se zdaj in se pridru\u017ei na\u0161i skupnosti<\/span>\n\t\t\t\t\t<\/span>\n\t\t\t\t\t<\/a>\n\t\t\t\t<\/div>\n\t\t\t\t\t\t\t\t<\/div>\n\t\t\t\t<\/div>\n\t\t\t\t\t<\/div>\n\t\t<\/div>\n\t\t\t\t\t<\/div>\n\t\t<\/section>\n\t\t\t\t<\/div>","protected":false},"excerpt":{"rendered":"<p>How to use this site? You are on the public section of our international online community hub. In this section you can find some news&hellip;<\/p>","protected":false},"author":1,"featured_media":0,"parent":0,"menu_order":0,"comment_status":"closed","ping_status":"closed","template":"elementor_header_footer","meta":{"footnotes":""},"class_list":["post-1922","page","type-page","status-publish","hentry"],"_links":{"self":[{"href":"https:\/\/www.youngreenhub.eu\/sl\/wp-json\/wp\/v2\/pages\/1922","targetHints":{"allow":["GET"]}}],"collection":[{"href":"https:\/\/www.youngreenhub.eu\/sl\/wp-json\/wp\/v2\/pages"}],"about":[{"href":"https:\/\/www.youngreenhub.eu\/sl\/wp-json\/wp\/v2\/types\/page"}],"author":[{"embeddable":true,"href":"https:\/\/www.youngreenhub.eu\/sl\/wp-json\/wp\/v2\/users\/1"}],"replies":[{"embeddable":true,"href":"https:\/\/www.youngreenhub.eu\/sl\/wp-json\/wp\/v2\/comments?post=1922"}],"version-history":[{"count":118,"href":"https:\/\/www.youngreenhub.eu\/sl\/wp-json\/wp\/v2\/pages\/1922\/revisions"}],"predecessor-version":[{"id":2094,"href":"https:\/\/www.youngreenhub.eu\/sl\/wp-json\/wp\/v2\/pages\/1922\/revisions\/2094"}],"wp:attachment":[{"href":"https:\/\/www.youngreenhub.eu\/sl\/wp-json\/wp\/v2\/media?parent=1922"}],"curies":[{"name":"wp","href":"https:\/\/api.w.org\/{rel}","templated":true}]}}