{"id":213,"date":"2022-06-08T13:11:23","date_gmt":"2022-06-08T13:11:23","guid":{"rendered":"https:\/\/www.youngreenhub.eu\/?page_id=213"},"modified":"2022-09-16T10:23:20","modified_gmt":"2022-09-16T10:23:20","slug":"features","status":"publish","type":"page","link":"https:\/\/www.youngreenhub.eu\/sl\/features\/","title":{"rendered":"Lastnosti in vsebina"},"content":{"rendered":"<div data-elementor-type=\"wp-page\" data-elementor-id=\"213\" class=\"elementor elementor-213\" data-elementor-post-type=\"page\">\n\t\t\t\t\t\t<section class=\"elementor-section elementor-top-section elementor-element elementor-element-419a6d27 elementor-section-boxed elementor-section-height-default elementor-section-height-default\" data-id=\"419a6d27\" data-element_type=\"section\" data-e-type=\"section\" data-settings=\"{&quot;background_background&quot;:&quot;classic&quot;}\">\n\t\t\t\t\t\t<div class=\"elementor-container elementor-column-gap-default\">\n\t\t\t\t\t<div class=\"elementor-column elementor-col-50 elementor-top-column elementor-element elementor-element-60227262\" data-id=\"60227262\" data-element_type=\"column\" data-e-type=\"column\">\n\t\t\t<div class=\"elementor-widget-wrap elementor-element-populated\">\n\t\t\t\t\t\t<div class=\"elementor-element elementor-element-2e92bfa3 elementor-widget elementor-widget-text-editor\" data-id=\"2e92bfa3\" data-element_type=\"widget\" data-e-type=\"widget\" data-widget_type=\"text-editor.default\">\n\t\t\t\t<div class=\"elementor-widget-container\">\n\t\t\t\t\t<div class=\"bb-theme-elementor-wrap bb-elementor-custom-color bb-elementor-custom-family bb-elementor-custom-size bb-elementor-custom-line-height\">\t\t\t\t<p>Erasmus+ projekt, imenovan \"Young GREENtrepeneurs - Inovativni pristopi promocije zelenega podjetni\u0161tva med mladimi\" (2021-1-HU01-KA220-YOU-000029114), naslavlja potrebo po pove\u010danju motivacije za podjetni\u0161tvo med mladimi in hkrati odgovarja na okoljske izzive.<\/p>\t\t\t\t<\/div>\t\t\t\t<\/div>\n\t\t\t\t<\/div>\n\t\t\t\t<div class=\"elementor-element elementor-element-4dd23a4 elementor-widget elementor-widget-heading\" data-id=\"4dd23a4\" data-element_type=\"widget\" data-e-type=\"widget\" data-widget_type=\"heading.default\">\n\t\t\t\t<div class=\"elementor-widget-container\">\n\t\t\t\t\t<h2 class=\"elementor-heading-title elementor-size-default\">Cilji projekta so:<\/h2>\t\t\t\t<\/div>\n\t\t\t\t<\/div>\n\t\t\t\t<div class=\"elementor-element elementor-element-e78318b elementor-widget elementor-widget-text-editor\" data-id=\"e78318b\" data-element_type=\"widget\" data-e-type=\"widget\" data-widget_type=\"text-editor.default\">\n\t\t\t\t<div class=\"elementor-widget-container\">\n\t\t\t\t\t<div class=\"bb-theme-elementor-wrap bb-elementor-custom-color\">\t\t\t\t<ul><li>Opolnomo\u010diti in opremiti mlade, mladinske delavce in start-up skupnost z inovativnimi digitalnimi orodji preko katerih bodo pridobili nove ve\u0161\u010dine, komeptence in prakti\u010dna znanja za razvoj lastnega podjetja s poudarkom na varstvu okolja in trajnosti (trajnostna dru\u017eba, varstvo vodnih virov, obnovljivi viri energije, \u010dista energija, odgovorna proizvodnja in potro\u0161nja, omilitev posledic podnebnih sprememb, za\u0161\u010dita in remediacija naravnih ekosistemov, trajnostna raba virov itd.);<\/li><li>Razviti module usposabljanja za razvoj zelenih produktov. Preko modulov bodo mladi pridobili nova prakti\u010dna znanja in ve\u0161\u010dine. Preko razvitih modulov bo startup skupnost in mladinski delavci imeli prilo\u017enost za nadaljnje sodelovanje z mladimi;<\/li><li>Razviti module usposabljanja za razvoj zelenega poslovnega modela, s katerimi bodo mladi izbolj\u0161ali svoje podjetni\u0161ke ve\u0161\u010dine. Moduli usposabljanja bodo uporabni tudi za \u0161ole, izobra\u017eevalne ustanove in mladinske delavce;<\/li><li>Diseminacija projektnih rezultatov preko dr\u017eavnih meja in partnerstva (mednarodna diseminacija projekta);<\/li><li>Promocija zelenega podjetni\u0161tva med mladimi bodo\u010dimi podjetniki, tudi na ravni celotne EU, zlasti \u0161tudente, startup podjetja in mladinske delavce;<\/li><li>Promocija digitalnih orodij na ravni EU z namenom spodbujanja zelenega podjetni\u0161tva med mladimi.<\/li><\/ul>\t\t\t\t<\/div>\t\t\t\t<\/div>\n\t\t\t\t<\/div>\n\t\t\t\t\t<\/div>\n\t\t<\/div>\n\t\t\t\t<div class=\"elementor-column elementor-col-50 elementor-top-column elementor-element elementor-element-b7b8ee3\" data-id=\"b7b8ee3\" data-element_type=\"column\" data-e-type=\"column\">\n\t\t\t<div class=\"elementor-widget-wrap elementor-element-populated\">\n\t\t\t\t\t\t<div class=\"elementor-element elementor-element-35026cab elementor-widget elementor-widget-image\" data-id=\"35026cab\" data-element_type=\"widget\" data-e-type=\"widget\" data-widget_type=\"image.default\">\n\t\t\t\t<div class=\"elementor-widget-container\">\n\t\t\t\t\t\t\t\t\t\t\t\t\t\t\t<img fetchpriority=\"high\" decoding=\"async\" width=\"640\" height=\"719\" src=\"https:\/\/www.youngreenhub.eu\/wp-content\/uploads\/2022\/06\/tobias-weinhold-hXPomXrpUP0-unsplash_2-912x1024.jpg\" class=\"attachment-large size-large wp-image-134\" alt=\"\" srcset=\"https:\/\/www.youngreenhub.eu\/wp-content\/uploads\/2022\/06\/tobias-weinhold-hXPomXrpUP0-unsplash_2-912x1024.jpg 912w, https:\/\/www.youngreenhub.eu\/wp-content\/uploads\/2022\/06\/tobias-weinhold-hXPomXrpUP0-unsplash_2-267x300.jpg 267w, https:\/\/www.youngreenhub.eu\/wp-content\/uploads\/2022\/06\/tobias-weinhold-hXPomXrpUP0-unsplash_2-768x862.jpg 768w, https:\/\/www.youngreenhub.eu\/wp-content\/uploads\/2022\/06\/tobias-weinhold-hXPomXrpUP0-unsplash_2-1368x1536.jpg 1368w, https:\/\/www.youngreenhub.eu\/wp-content\/uploads\/2022\/06\/tobias-weinhold-hXPomXrpUP0-unsplash_2-1825x2048.jpg 1825w, https:\/\/www.youngreenhub.eu\/wp-content\/uploads\/2022\/06\/tobias-weinhold-hXPomXrpUP0-unsplash_2-624x700.jpg 624w\" sizes=\"(max-width: 640px) 100vw, 640px\" \/>\t\t\t\t\t\t\t\t\t\t\t\t\t\t\t<\/div>\n\t\t\t\t<\/div>\n\t\t\t\t<div class=\"elementor-element elementor-element-9a69e74 elementor-widget elementor-widget-text-editor\" data-id=\"9a69e74\" data-element_type=\"widget\" data-e-type=\"widget\" data-widget_type=\"text-editor.default\">\n\t\t\t\t<div class=\"elementor-widget-container\">\n\t\t\t\t\t<div class=\"bb-theme-elementor-wrap bb-elementor-custom-color\">\t\t\t\t<p>Projekt je lansiralo 6 dr\u017eav partneric (Slovenija, Bolgarija, Severna Makedonija, Irska, \u0160panija, Mad\u017earska) novembra 2021. Cilj  je zagotoviti inovativne metode za razvoj zelenega podjetni\u0161tva med mladimi. Eden od rezultatov projekta je spletna platforma na kateri se trenutno nahajate.<\/p>\t\t\t\t<\/div>\t\t\t\t<\/div>\n\t\t\t\t<\/div>\n\t\t\t\t\t<\/div>\n\t\t<\/div>\n\t\t\t\t\t<\/div>\n\t\t<\/section>\n\t\t\t\t<\/div>","protected":false},"excerpt":{"rendered":"<p>The Erasmus+ project entitled \u201cYoung GREENtrepreneurs \u2013 innovative approaches in promoting green entrepreneurship among youth\u201d (2021-1-HU01-KA220-YOU-000029114) aims to tackle the need to increase the motivation&hellip;<\/p>","protected":false},"author":1,"featured_media":123,"parent":0,"menu_order":0,"comment_status":"closed","ping_status":"closed","template":"elementor_header_footer","meta":{"footnotes":""},"class_list":["post-213","page","type-page","status-publish","has-post-thumbnail","hentry"],"_links":{"self":[{"href":"https:\/\/www.youngreenhub.eu\/sl\/wp-json\/wp\/v2\/pages\/213","targetHints":{"allow":["GET"]}}],"collection":[{"href":"https:\/\/www.youngreenhub.eu\/sl\/wp-json\/wp\/v2\/pages"}],"about":[{"href":"https:\/\/www.youngreenhub.eu\/sl\/wp-json\/wp\/v2\/types\/page"}],"author":[{"embeddable":true,"href":"https:\/\/www.youngreenhub.eu\/sl\/wp-json\/wp\/v2\/users\/1"}],"replies":[{"embeddable":true,"href":"https:\/\/www.youngreenhub.eu\/sl\/wp-json\/wp\/v2\/comments?post=213"}],"version-history":[{"count":20,"href":"https:\/\/www.youngreenhub.eu\/sl\/wp-json\/wp\/v2\/pages\/213\/revisions"}],"predecessor-version":[{"id":1952,"href":"https:\/\/www.youngreenhub.eu\/sl\/wp-json\/wp\/v2\/pages\/213\/revisions\/1952"}],"wp:featuredmedia":[{"embeddable":true,"href":"https:\/\/www.youngreenhub.eu\/sl\/wp-json\/wp\/v2\/media\/123"}],"wp:attachment":[{"href":"https:\/\/www.youngreenhub.eu\/sl\/wp-json\/wp\/v2\/media?parent=213"}],"curies":[{"name":"wp","href":"https:\/\/api.w.org\/{rel}","templated":true}]}}